{"id":241,"date":"2025-09-09T10:45:43","date_gmt":"2025-09-09T10:45:43","guid":{"rendered":"http:\/\/decapederobeetdepee.fr\/?page_id=241"},"modified":"2025-09-09T10:45:44","modified_gmt":"2025-09-09T10:45:44","slug":"ebooks-gratuits","status":"publish","type":"page","link":"https:\/\/decapederobeetdepee.fr\/index.php\/ebooks-gratuits\/","title":{"rendered":"Ebooks gratuits"},"content":{"rendered":"\n<p>Il est possible de r\u00e9cup\u00e9rer des Ebooks gratuits (et libre de droits), sous diff\u00e9rents formats &#8211; epub, pdf&#8230;-, sur ce site : <a href=\"https:\/\/www.ebooksgratuits.com\">https:\/\/www.ebooksgratuits.com<\/a><\/p>\n\n\n\n<p>Vous retrouvez, entre autre, des romans de Dumas, de Zevavo, de la Baronne d&rsquo;Orczy&#8230;<\/p>\n","protected":false},"excerpt":{"rendered":"<p>Il est possible de r\u00e9cup\u00e9rer des Ebooks gratuits (et libre de droits), sous diff\u00e9rents formats &#8211; epub, pdf&#8230;-, sur ce site : https:\/\/www.ebooksgratuits.com Vous retrouvez, entre autre, des romans de Dumas, de Zevavo, de la Baronne d&rsquo;Orczy&#8230;<\/p>\n","protected":false},"author":1,"featured_media":0,"parent":0,"menu_order":0,"comment_status":"closed","ping_status":"closed","template":"","meta":{"footnotes":""},"class_list":["post-241","page","type-page","status-publish","hentry"],"jetpack_sharing_enabled":true,"_links":{"self":[{"href":"https:\/\/decapederobeetdepee.fr\/index.php\/wp-json\/wp\/v2\/pages\/241","targetHints":{"allow":["GET"]}}],"collection":[{"href":"https:\/\/decapederobeetdepee.fr\/index.php\/wp-json\/wp\/v2\/pages"}],"about":[{"href":"https:\/\/decapederobeetdepee.fr\/index.php\/wp-json\/wp\/v2\/types\/page"}],"author":[{"embeddable":true,"href":"https:\/\/decapederobeetdepee.fr\/index.php\/wp-json\/wp\/v2\/users\/1"}],"replies":[{"embeddable":true,"href":"https:\/\/decapederobeetdepee.fr\/index.php\/wp-json\/wp\/v2\/comments?post=241"}],"version-history":[{"count":1,"href":"https:\/\/decapederobeetdepee.fr\/index.php\/wp-json\/wp\/v2\/pages\/241\/revisions"}],"predecessor-version":[{"id":242,"href":"https:\/\/decapederobeetdepee.fr\/index.php\/wp-json\/wp\/v2\/pages\/241\/revisions\/242"}],"wp:attachment":[{"href":"https:\/\/decapederobeetdepee.fr\/index.php\/wp-json\/wp\/v2\/media?parent=241"}],"curies":[{"name":"wp","href":"https:\/\/api.w.org\/{rel}","templated":true}]}}