{"id":248,"date":"2025-09-10T09:21:13","date_gmt":"2025-09-10T09:21:13","guid":{"rendered":"http:\/\/decapederobeetdepee.fr\/?page_id=248"},"modified":"2026-02-06T15:18:15","modified_gmt":"2026-02-06T15:18:15","slug":"liens-utiles","status":"publish","type":"page","link":"https:\/\/decapederobeetdepee.fr\/index.php\/liens-utiles\/","title":{"rendered":"Liens utiles"},"content":{"rendered":"\n<h2 class=\"wp-block-heading\">Secteur Universitaire <\/h2>\n\n\n\n<p>Les sites des diff\u00e9rentes Presses Universitaires (De France, de Rennes&#8230;)<\/p>\n\n\n\n<hr class=\"wp-block-separator has-alpha-channel-opacity\"\/>\n\n\n\n<h2 class=\"wp-block-heading\">Les Soci\u00e9t\u00e9s Savantes<\/h2>\n\n\n\n<p>Siefar : Soci\u00e9t\u00e9 internationale pour l&rsquo;\u00e9tude des femmes d&rsquo;Ancien R\u00e9gime : <a href=\"https:\/\/siefar.org\">https:\/\/siefar.org<\/a><\/p>\n\n\n\n<p>La soci\u00e9t\u00e9 des amis de Dumas : <a href=\"https:\/\/amisdumas.com\">https:\/\/amisdumas.com<\/a><\/p>\n\n\n\n<hr class=\"wp-block-separator has-alpha-channel-opacity\"\/>\n\n\n\n<h2 class=\"wp-block-heading\">Secteur Culturelle et Touristique <\/h2>\n\n\n\n<p>Mus\u00e9e D&rsquo;Artagnan \u00e0 Lupiac : <a href=\"https:\/\/www.lupiac.fr\/lupiac#dartagnan-musee\">https:\/\/www.lupiac.fr\/lupiac#dartagnan-musee<\/a><\/p>\n\n\n\n<p>Route Europ\u00e9enne D&rsquo;Artagnan : <a href=\"https:\/\/www.route-dartagnan.eu\">https:\/\/www.route-dartagnan.eu<\/a><\/p>\n\n\n\n<hr class=\"wp-block-separator has-alpha-channel-opacity\"\/>\n\n\n\n<h2 class=\"wp-block-heading\">Secteur Particulier et Association<\/h2>\n\n\n\n<p>Pastiches Dumas : <a href=\"https:\/\/www.pastichesdumas.com\">https:\/\/www.pastichesdumas.com<\/a><\/p>\n\n\n\n<p>Collectif Les Dumariolles (page instagram)<\/p>\n\n\n\n<p>Mn\u00e9mosyne &#8211; Association pour le d\u00e9veloppement de l&rsquo;histoire des femmes et du genre et  : <a href=\"https:\/\/mnemosyne-asso.com\/mnemosyne\/\">https:\/\/mnemosyne-asso.com\/mnemosyne\/<\/a><\/p>\n\n\n\n<hr class=\"wp-block-separator has-alpha-channel-opacity\"\/>\n\n\n\n<p><em>Vous avez une site, une structure, un organisme, une association \u00e0 recommander ? N&rsquo;h\u00e9sitez pas \u00e0 envoyer un mail via le formulaire de contact. Merci !<\/em><\/p>\n","protected":false},"excerpt":{"rendered":"<p>Secteur Universitaire Les sites des diff\u00e9rentes Presses Universitaires (De France, de Rennes&#8230;) Les Soci\u00e9t\u00e9s Savantes Siefar : Soci\u00e9t\u00e9 internationale pour l&rsquo;\u00e9tude des femmes d&rsquo;Ancien R\u00e9gime : https:\/\/siefar.org La soci\u00e9t\u00e9 des amis de Dumas : https:\/\/amisdumas.com Secteur Culturelle et Touristique Mus\u00e9e D&rsquo;Artagnan \u00e0 Lupiac : https:\/\/www.lupiac.fr\/lupiac#dartagnan-musee Route Europ\u00e9enne D&rsquo;Artagnan : https:\/\/www.route-dartagnan.eu Secteur Particulier et Association Pastiches [&hellip;]<\/p>\n","protected":false},"author":1,"featured_media":0,"parent":0,"menu_order":0,"comment_status":"closed","ping_status":"closed","template":"","meta":{"footnotes":""},"class_list":["post-248","page","type-page","status-publish","hentry"],"jetpack_sharing_enabled":true,"_links":{"self":[{"href":"https:\/\/decapederobeetdepee.fr\/index.php\/wp-json\/wp\/v2\/pages\/248","targetHints":{"allow":["GET"]}}],"collection":[{"href":"https:\/\/decapederobeetdepee.fr\/index.php\/wp-json\/wp\/v2\/pages"}],"about":[{"href":"https:\/\/decapederobeetdepee.fr\/index.php\/wp-json\/wp\/v2\/types\/page"}],"author":[{"embeddable":true,"href":"https:\/\/decapederobeetdepee.fr\/index.php\/wp-json\/wp\/v2\/users\/1"}],"replies":[{"embeddable":true,"href":"https:\/\/decapederobeetdepee.fr\/index.php\/wp-json\/wp\/v2\/comments?post=248"}],"version-history":[{"count":6,"href":"https:\/\/decapederobeetdepee.fr\/index.php\/wp-json\/wp\/v2\/pages\/248\/revisions"}],"predecessor-version":[{"id":955,"href":"https:\/\/decapederobeetdepee.fr\/index.php\/wp-json\/wp\/v2\/pages\/248\/revisions\/955"}],"wp:attachment":[{"href":"https:\/\/decapederobeetdepee.fr\/index.php\/wp-json\/wp\/v2\/media?parent=248"}],"curies":[{"name":"wp","href":"https:\/\/api.w.org\/{rel}","templated":true}]}}