{"id":892,"date":"2026-02-05T15:11:54","date_gmt":"2026-02-05T15:11:54","guid":{"rendered":"https:\/\/decapederobeetdepee.fr\/?page_id=892"},"modified":"2026-02-05T15:11:54","modified_gmt":"2026-02-05T15:11:54","slug":"index","status":"publish","type":"page","link":"https:\/\/decapederobeetdepee.fr\/index.php\/index\/","title":{"rendered":"Index"},"content":{"rendered":"\n<p><a href=\"https:\/\/decapederobeetdepee.fr\/index.php\/index-des-auteurices\/\" data-type=\"page\" data-id=\"584\">Index des auteurices<\/a><\/p>\n\n\n\n<p>Index des essais (\u00e0 venir)<\/p>\n\n\n\n<p><a href=\"https:\/\/decapederobeetdepee.fr\/index.php\/index-des-jeux-et-jeux-videos\/\" data-type=\"page\" data-id=\"886\">Index des Jeux et Jeux Vid\u00e9o<\/a><\/p>\n\n\n\n<p>Index des r\u00e9alisateurices (\u00e0 venir)<\/p>\n\n\n\n<p><a href=\"https:\/\/decapederobeetdepee.fr\/index.php\/index-des-oeuvres-audiovisuels-titre\/\" data-type=\"page\" data-id=\"590\">Index des \u0153uvres audiovisuelles (Titre)<\/a><\/p>\n\n\n\n<p><a href=\"https:\/\/decapederobeetdepee.fr\/index.php\/index-des-ouvrages-de-fiction\/\" data-type=\"page\" data-id=\"586\">Index des oeuvres de fictions<\/a><\/p>\n","protected":false},"excerpt":{"rendered":"<p>Index des auteurices Index des essais (\u00e0 venir) Index des Jeux et Jeux Vid\u00e9o Index des r\u00e9alisateurices (\u00e0 venir) Index des \u0153uvres audiovisuelles (Titre) Index des oeuvres de fictions<\/p>\n","protected":false},"author":1,"featured_media":0,"parent":0,"menu_order":0,"comment_status":"closed","ping_status":"closed","template":"","meta":{"footnotes":""},"class_list":["post-892","page","type-page","status-publish","hentry"],"jetpack_sharing_enabled":true,"_links":{"self":[{"href":"https:\/\/decapederobeetdepee.fr\/index.php\/wp-json\/wp\/v2\/pages\/892","targetHints":{"allow":["GET"]}}],"collection":[{"href":"https:\/\/decapederobeetdepee.fr\/index.php\/wp-json\/wp\/v2\/pages"}],"about":[{"href":"https:\/\/decapederobeetdepee.fr\/index.php\/wp-json\/wp\/v2\/types\/page"}],"author":[{"embeddable":true,"href":"https:\/\/decapederobeetdepee.fr\/index.php\/wp-json\/wp\/v2\/users\/1"}],"replies":[{"embeddable":true,"href":"https:\/\/decapederobeetdepee.fr\/index.php\/wp-json\/wp\/v2\/comments?post=892"}],"version-history":[{"count":1,"href":"https:\/\/decapederobeetdepee.fr\/index.php\/wp-json\/wp\/v2\/pages\/892\/revisions"}],"predecessor-version":[{"id":893,"href":"https:\/\/decapederobeetdepee.fr\/index.php\/wp-json\/wp\/v2\/pages\/892\/revisions\/893"}],"wp:attachment":[{"href":"https:\/\/decapederobeetdepee.fr\/index.php\/wp-json\/wp\/v2\/media?parent=892"}],"curies":[{"name":"wp","href":"https:\/\/api.w.org\/{rel}","templated":true}]}}